{"id":504,"date":"2026-05-04T15:12:12","date_gmt":"2026-05-04T15:12:12","guid":{"rendered":"https:\/\/plataformasdeelevacionguenther.com\/?post_type=product&#038;p=504"},"modified":"2026-05-04T15:12:13","modified_gmt":"2026-05-04T15:12:13","slug":"genie-z-45","status":"publish","type":"product","link":"https:\/\/plataformasdeelevacionguenther.com\/index.php\/producto\/genie-z-45\/","title":{"rendered":"Genie Z 45"},"content":{"rendered":"","protected":false},"excerpt":{"rendered":"<p><strong>Plataforma Articulada Genie Z-45\/25 RT (2019)<\/strong><br \/>\n<strong>La Genie Z-45\/25 RT es una plataforma elevadora de brazo articulado dise\u00f1ada para ofrecer una versatilidad excepcional en trabajos de construcci\u00f3n e industriales. Gracias a su sistema de brazo, permite superar obst\u00e1culos en altura y posicionarse con precisi\u00f3n en lugares de dif\u00edcil acceso.<\/strong><\/p>\n<p><strong>Especificaciones de Rendimiento<\/strong><br \/>\n<strong>Altura m\u00e1xima de trabajo: 15.87 metros.<\/strong><\/p>\n<p><strong>Alcance horizontal m\u00e1ximo: 7.49 metros.<\/strong><\/p>\n<p><strong>Altura de la articulaci\u00f3n (Up and Over): 7.14 metros.<\/strong><\/p>\n<p><strong>Capacidad de elevaci\u00f3n: 227 kg (m\u00e1ximo 2 personas + herramientas).<\/strong><\/p>\n<p><strong>Rotaci\u00f3n de la plataforma: 160\u00b0.<\/strong><\/p>\n<p><strong>Rotaci\u00f3n de la torreta: 355\u00b0 no continua.<\/strong><\/p>\n<p><strong>Motorizaci\u00f3n y Tracci\u00f3n<\/strong><br \/>\n<strong>Motor: Deutz Diesel (Tier 4) de alta eficiencia y bajo consumo.<\/strong><\/p>\n<p><strong>Tracci\u00f3n: 4&#215;4 (RT &#8211; Rough Terrain) dise\u00f1ada para terrenos irregulares o lodo.<\/strong><\/p>\n<p><strong>Pendiente superable: Hasta 45%, ideal para sitios de construcci\u00f3n con desniveles.<\/strong><\/p>\n<p><strong>Neum\u00e1ticos: Rellenos de espuma (Foam Filled) para evitar pinchazos en obra.<\/strong><\/p>\n<p><strong>Caracter\u00edsticas del Modelo 2019<\/strong><br \/>\n<strong>Sistema de control electr\u00f3nico: Mandos proporcionales que permiten movimientos suaves y precisos.<\/strong><\/p>\n<p><strong>Radio de giro reducido: Excelente maniobrabilidad en espacios confinados.<\/strong><\/p>\n<p><strong>Tecnolog\u00eda Jib: Incluye un brazo adicional (plum\u00edn) de 1.52 m que permite un posicionamiento extra hacia arriba o hacia abajo.<\/strong><\/p>\n<p><strong>Seguridad: Equipado con sensores de inclinaci\u00f3n, alarma de descenso y sistema de protecci\u00f3n de operario (Lift Guard).<\/strong><\/p>\n<p><strong>Ventajas Principales<\/strong><br \/>\n<strong>Versatilidad: Perfecta para mantenimiento industrial, pintura, instalaci\u00f3n de estructuras y servicios p\u00fablicos.<\/strong><\/p>\n<p><strong>Productividad: Su motor Deutz es reconocido por su durabilidad y facilidad de mantenimiento.<\/strong><\/p>\n<p><strong>Dise\u00f1o Compacto: Permite el paso por \u00e1reas donde m\u00e1quinas m\u00e1s grandes no pueden operar.<\/strong><\/p>\n","protected":false},"featured_media":505,"template":"","meta":[],"product_brand":[],"product_cat":[19],"product_tag":[],"class_list":{"0":"post-504","1":"product","2":"type-product","3":"status-publish","4":"has-post-thumbnail","6":"product_cat-plataformas-articuladas","8":"first","9":"instock","10":"shipping-taxable","11":"purchasable","12":"product-type-simple"},"yoast_head":"<!-- This site is optimized with the Yoast SEO plugin v27.4 - https:\/\/yoast.com\/product\/yoast-seo-wordpress\/ -->\n<title>Genie Z 45 - Plataformas de Elevaci\u00f3n Guenther<\/title>\n<meta name=\"description\" content=\"La soluci\u00f3n m\u00e1s confiable en renta y venta de equipo de altura y construcci\u00f3n\" \/>\n<meta name=\"robots\" content=\"index, follow, max-snippet:-1, max-image-preview:large, max-video-preview:-1\" \/>\n<link rel=\"canonical\" href=\"https:\/\/plataformasdeelevacionguenther.com\/index.php\/producto\/genie-z-45\/\" \/>\n<meta property=\"og:locale\" content=\"es_MX\" \/>\n<meta property=\"og:type\" content=\"article\" \/>\n<meta property=\"og:title\" content=\"Genie Z 45 - Plataformas de Elevaci\u00f3n Guenther\" \/>\n<meta property=\"og:description\" content=\"La soluci\u00f3n m\u00e1s confiable en renta y venta de equipo de altura y construcci\u00f3n\" \/>\n<meta property=\"og:url\" content=\"https:\/\/plataformasdeelevacionguenther.com\/index.php\/producto\/genie-z-45\/\" \/>\n<meta property=\"og:site_name\" content=\"Plataformas de Elevaci\u00f3n Guenther\" \/>\n<meta property=\"article:modified_time\" content=\"2026-05-04T15:12:13+00:00\" \/>\n<meta property=\"og:image\" content=\"https:\/\/plataformasdeelevacionguenther.com\/wp-content\/uploads\/2026\/05\/5.png\" \/>\n\t<meta property=\"og:image:width\" content=\"1195\" \/>\n\t<meta property=\"og:image:height\" content=\"896\" \/>\n\t<meta property=\"og:image:type\" content=\"image\/png\" \/>\n<meta name=\"twitter:card\" content=\"summary_large_image\" \/>\n<meta name=\"twitter:label1\" content=\"Tiempo de lectura\" \/>\n\t<meta name=\"twitter:data1\" content=\"1 minuto\" \/>\n<script type=\"application\/ld+json\" class=\"yoast-schema-graph\">{\"@context\":\"https:\\\/\\\/schema.org\",\"@graph\":[{\"@type\":\"WebPage\",\"@id\":\"https:\\\/\\\/plataformasdeelevacionguenther.com\\\/index.php\\\/producto\\\/genie-z-45\\\/\",\"url\":\"https:\\\/\\\/plataformasdeelevacionguenther.com\\\/index.php\\\/producto\\\/genie-z-45\\\/\",\"name\":\"Genie Z 45 - Plataformas de Elevaci\u00f3n Guenther\",\"isPartOf\":{\"@id\":\"https:\\\/\\\/plataformasdeelevacionguenther.com\\\/#website\"},\"primaryImageOfPage\":{\"@id\":\"https:\\\/\\\/plataformasdeelevacionguenther.com\\\/index.php\\\/producto\\\/genie-z-45\\\/#primaryimage\"},\"image\":{\"@id\":\"https:\\\/\\\/plataformasdeelevacionguenther.com\\\/index.php\\\/producto\\\/genie-z-45\\\/#primaryimage\"},\"thumbnailUrl\":\"https:\\\/\\\/plataformasdeelevacionguenther.com\\\/wp-content\\\/uploads\\\/2026\\\/05\\\/5.png\",\"datePublished\":\"2026-05-04T15:12:12+00:00\",\"dateModified\":\"2026-05-04T15:12:13+00:00\",\"description\":\"La soluci\u00f3n m\u00e1s confiable en renta y venta de equipo de altura y construcci\u00f3n\",\"breadcrumb\":{\"@id\":\"https:\\\/\\\/plataformasdeelevacionguenther.com\\\/index.php\\\/producto\\\/genie-z-45\\\/#breadcrumb\"},\"inLanguage\":\"es\",\"potentialAction\":[{\"@type\":\"ReadAction\",\"target\":[\"https:\\\/\\\/plataformasdeelevacionguenther.com\\\/index.php\\\/producto\\\/genie-z-45\\\/\"]}]},{\"@type\":\"ImageObject\",\"inLanguage\":\"es\",\"@id\":\"https:\\\/\\\/plataformasdeelevacionguenther.com\\\/index.php\\\/producto\\\/genie-z-45\\\/#primaryimage\",\"url\":\"https:\\\/\\\/plataformasdeelevacionguenther.com\\\/wp-content\\\/uploads\\\/2026\\\/05\\\/5.png\",\"contentUrl\":\"https:\\\/\\\/plataformasdeelevacionguenther.com\\\/wp-content\\\/uploads\\\/2026\\\/05\\\/5.png\",\"width\":1195,\"height\":896},{\"@type\":\"BreadcrumbList\",\"@id\":\"https:\\\/\\\/plataformasdeelevacionguenther.com\\\/index.php\\\/producto\\\/genie-z-45\\\/#breadcrumb\",\"itemListElement\":[{\"@type\":\"ListItem\",\"position\":1,\"name\":\"Inicio\",\"item\":\"https:\\\/\\\/plataformasdeelevacionguenther.com\\\/\"},{\"@type\":\"ListItem\",\"position\":2,\"name\":\"Tienda\",\"item\":\"https:\\\/\\\/plataformasdeelevacionguenther.com\\\/index.php\\\/tienda\\\/\"},{\"@type\":\"ListItem\",\"position\":3,\"name\":\"Genie Z 45\"}]},{\"@type\":\"WebSite\",\"@id\":\"https:\\\/\\\/plataformasdeelevacionguenther.com\\\/#website\",\"url\":\"https:\\\/\\\/plataformasdeelevacionguenther.com\\\/\",\"name\":\"Plataformas de Elevaci\u00f3n Guenther\",\"description\":\"La soluci\u00f3n m\u00e1s confiable en renta y venta de equipo de altura y construcci\u00f3n\",\"publisher\":{\"@id\":\"https:\\\/\\\/plataformasdeelevacionguenther.com\\\/#organization\"},\"alternateName\":\"Plataformas de Elevaci\u00f3n Guenther\",\"potentialAction\":[{\"@type\":\"SearchAction\",\"target\":{\"@type\":\"EntryPoint\",\"urlTemplate\":\"https:\\\/\\\/plataformasdeelevacionguenther.com\\\/?s={search_term_string}\"},\"query-input\":{\"@type\":\"PropertyValueSpecification\",\"valueRequired\":true,\"valueName\":\"search_term_string\"}}],\"inLanguage\":\"es\"},{\"@type\":\"Organization\",\"@id\":\"https:\\\/\\\/plataformasdeelevacionguenther.com\\\/#organization\",\"name\":\"Plataformas de Elevaci\u00f3n Guenther\",\"alternateName\":\"Plataformas de Elevaci\u00f3n Guenther\",\"url\":\"https:\\\/\\\/plataformasdeelevacionguenther.com\\\/\",\"logo\":{\"@type\":\"ImageObject\",\"inLanguage\":\"es\",\"@id\":\"https:\\\/\\\/plataformasdeelevacionguenther.com\\\/#\\\/schema\\\/logo\\\/image\\\/\",\"url\":\"https:\\\/\\\/plataformasdeelevacionguenther.com\\\/wp-content\\\/uploads\\\/2026\\\/04\\\/cropped-PEG.png\",\"contentUrl\":\"https:\\\/\\\/plataformasdeelevacionguenther.com\\\/wp-content\\\/uploads\\\/2026\\\/04\\\/cropped-PEG.png\",\"width\":400,\"height\":298,\"caption\":\"Plataformas de Elevaci\u00f3n Guenther\"},\"image\":{\"@id\":\"https:\\\/\\\/plataformasdeelevacionguenther.com\\\/#\\\/schema\\\/logo\\\/image\\\/\"}}]}<\/script>\n<!-- \/ Yoast SEO plugin. -->","yoast_head_json":{"title":"Genie Z 45 - Plataformas de Elevaci\u00f3n Guenther","description":"La soluci\u00f3n m\u00e1s confiable en renta y venta de equipo de altura y construcci\u00f3n","robots":{"index":"index","follow":"follow","max-snippet":"max-snippet:-1","max-image-preview":"max-image-preview:large","max-video-preview":"max-video-preview:-1"},"canonical":"https:\/\/plataformasdeelevacionguenther.com\/index.php\/producto\/genie-z-45\/","og_locale":"es_MX","og_type":"article","og_title":"Genie Z 45 - Plataformas de Elevaci\u00f3n Guenther","og_description":"La soluci\u00f3n m\u00e1s confiable en renta y venta de equipo de altura y construcci\u00f3n","og_url":"https:\/\/plataformasdeelevacionguenther.com\/index.php\/producto\/genie-z-45\/","og_site_name":"Plataformas de Elevaci\u00f3n Guenther","article_modified_time":"2026-05-04T15:12:13+00:00","og_image":[{"width":1195,"height":896,"url":"https:\/\/plataformasdeelevacionguenther.com\/wp-content\/uploads\/2026\/05\/5.png","type":"image\/png"}],"twitter_card":"summary_large_image","twitter_misc":{"Tiempo de lectura":"1 minuto"},"schema":{"@context":"https:\/\/schema.org","@graph":[{"@type":"WebPage","@id":"https:\/\/plataformasdeelevacionguenther.com\/index.php\/producto\/genie-z-45\/","url":"https:\/\/plataformasdeelevacionguenther.com\/index.php\/producto\/genie-z-45\/","name":"Genie Z 45 - Plataformas de Elevaci\u00f3n Guenther","isPartOf":{"@id":"https:\/\/plataformasdeelevacionguenther.com\/#website"},"primaryImageOfPage":{"@id":"https:\/\/plataformasdeelevacionguenther.com\/index.php\/producto\/genie-z-45\/#primaryimage"},"image":{"@id":"https:\/\/plataformasdeelevacionguenther.com\/index.php\/producto\/genie-z-45\/#primaryimage"},"thumbnailUrl":"https:\/\/plataformasdeelevacionguenther.com\/wp-content\/uploads\/2026\/05\/5.png","datePublished":"2026-05-04T15:12:12+00:00","dateModified":"2026-05-04T15:12:13+00:00","description":"La soluci\u00f3n m\u00e1s confiable en renta y venta de equipo de altura y construcci\u00f3n","breadcrumb":{"@id":"https:\/\/plataformasdeelevacionguenther.com\/index.php\/producto\/genie-z-45\/#breadcrumb"},"inLanguage":"es","potentialAction":[{"@type":"ReadAction","target":["https:\/\/plataformasdeelevacionguenther.com\/index.php\/producto\/genie-z-45\/"]}]},{"@type":"ImageObject","inLanguage":"es","@id":"https:\/\/plataformasdeelevacionguenther.com\/index.php\/producto\/genie-z-45\/#primaryimage","url":"https:\/\/plataformasdeelevacionguenther.com\/wp-content\/uploads\/2026\/05\/5.png","contentUrl":"https:\/\/plataformasdeelevacionguenther.com\/wp-content\/uploads\/2026\/05\/5.png","width":1195,"height":896},{"@type":"BreadcrumbList","@id":"https:\/\/plataformasdeelevacionguenther.com\/index.php\/producto\/genie-z-45\/#breadcrumb","itemListElement":[{"@type":"ListItem","position":1,"name":"Inicio","item":"https:\/\/plataformasdeelevacionguenther.com\/"},{"@type":"ListItem","position":2,"name":"Tienda","item":"https:\/\/plataformasdeelevacionguenther.com\/index.php\/tienda\/"},{"@type":"ListItem","position":3,"name":"Genie Z 45"}]},{"@type":"WebSite","@id":"https:\/\/plataformasdeelevacionguenther.com\/#website","url":"https:\/\/plataformasdeelevacionguenther.com\/","name":"Plataformas de Elevaci\u00f3n Guenther","description":"La soluci\u00f3n m\u00e1s confiable en renta y venta de equipo de altura y construcci\u00f3n","publisher":{"@id":"https:\/\/plataformasdeelevacionguenther.com\/#organization"},"alternateName":"Plataformas de Elevaci\u00f3n Guenther","potentialAction":[{"@type":"SearchAction","target":{"@type":"EntryPoint","urlTemplate":"https:\/\/plataformasdeelevacionguenther.com\/?s={search_term_string}"},"query-input":{"@type":"PropertyValueSpecification","valueRequired":true,"valueName":"search_term_string"}}],"inLanguage":"es"},{"@type":"Organization","@id":"https:\/\/plataformasdeelevacionguenther.com\/#organization","name":"Plataformas de Elevaci\u00f3n Guenther","alternateName":"Plataformas de Elevaci\u00f3n Guenther","url":"https:\/\/plataformasdeelevacionguenther.com\/","logo":{"@type":"ImageObject","inLanguage":"es","@id":"https:\/\/plataformasdeelevacionguenther.com\/#\/schema\/logo\/image\/","url":"https:\/\/plataformasdeelevacionguenther.com\/wp-content\/uploads\/2026\/04\/cropped-PEG.png","contentUrl":"https:\/\/plataformasdeelevacionguenther.com\/wp-content\/uploads\/2026\/04\/cropped-PEG.png","width":400,"height":298,"caption":"Plataformas de Elevaci\u00f3n Guenther"},"image":{"@id":"https:\/\/plataformasdeelevacionguenther.com\/#\/schema\/logo\/image\/"}}]}},"_links":{"self":[{"href":"https:\/\/plataformasdeelevacionguenther.com\/index.php\/wp-json\/wp\/v2\/product\/504","targetHints":{"allow":["GET"]}}],"collection":[{"href":"https:\/\/plataformasdeelevacionguenther.com\/index.php\/wp-json\/wp\/v2\/product"}],"about":[{"href":"https:\/\/plataformasdeelevacionguenther.com\/index.php\/wp-json\/wp\/v2\/types\/product"}],"wp:featuredmedia":[{"embeddable":true,"href":"https:\/\/plataformasdeelevacionguenther.com\/index.php\/wp-json\/wp\/v2\/media\/505"}],"wp:attachment":[{"href":"https:\/\/plataformasdeelevacionguenther.com\/index.php\/wp-json\/wp\/v2\/media?parent=504"}],"wp:term":[{"taxonomy":"product_brand","embeddable":true,"href":"https:\/\/plataformasdeelevacionguenther.com\/index.php\/wp-json\/wp\/v2\/product_brand?post=504"},{"taxonomy":"product_cat","embeddable":true,"href":"https:\/\/plataformasdeelevacionguenther.com\/index.php\/wp-json\/wp\/v2\/product_cat?post=504"},{"taxonomy":"product_tag","embeddable":true,"href":"https:\/\/plataformasdeelevacionguenther.com\/index.php\/wp-json\/wp\/v2\/product_tag?post=504"}],"curies":[{"name":"wp","href":"https:\/\/api.w.org\/{rel}","templated":true}]}}